{"id":8,"date":"2011-08-11T18:37:08","date_gmt":"2011-08-11T18:37:08","guid":{"rendered":"https:\/\/www.anwaltskanzlei-grunert.de\/cms\/?page_id=8"},"modified":"2021-07-25T15:04:20","modified_gmt":"2021-07-25T13:04:20","slug":"tatigkeitsbereiche","status":"publish","type":"page","link":"https:\/\/www.anwaltskanzlei-grunert.de\/index.php\/tatigkeitsbereiche\/","title":{"rendered":"Recht"},"content":{"rendered":"<p><span style=\"color: #333333;\"><span class=\"TextRun SCXW138983690 BCX2\" lang=\"DE-DE\" xml:lang=\"DE-DE\" data-contrast=\"none\"><span class=\"NormalTextRun SCXW138983690 BCX2\">Rechtsberatung beschr\u00e4nkt sich nicht nur auf die Wiedergabe juristischen Wissens. Sie muss in erster Linie vom Mandanten verstanden werden: Der Mandant ist es, der den juristischen Rat in die Praxis umsetzt. Der Mandant ist es auch, der exakt mit den Informationen versorgt werden muss, die ihn in die Lage versetzen, sein wirtschaftliches Konzept erfolgreich zu realisieren.<\/span><\/span><\/span><\/p>\n<p><span style=\"color: #333333;\">Dr. Gordon Grunert ber\u00e4t Sie in wirtschaftsrechtlichen Fragen der nachstehenden Bereiche. Er legt besonderen Wert auf eine ganzheitliche, auf Ihre individuellen Bed\u00fcrfnisse abgestimmte Beratung, die auch \u00f6konomische Aspekte ber\u00fccksichtigt. Durch Kooperation mit erfahrenen Sachverst\u00e4ndigen werden die juristischen Beratungsleistungen mit technisch-wissenschaftlichem Know-How erg\u00e4nzt.<\/span><\/p>\n<p><span style=\"color: #333333;\"><strong>Apothekenrecht<\/strong><\/span><\/p>\n<p><span style=\"color: #333333;\">Apothekengesetz, Apothekenbetriebsordnung, Berufsrecht, Rezeptur, Defektur, QM,\u00a0Versandhandelsrecht,\u00a0Werberecht. <\/span><em><span style=\"color: #333333;\"><a title=\"Apothekenrecht\" href=\"https:\/\/www.anwaltskanzlei-grunert.de\/?page_id=173\"><span style=\"color: #333333;\">Details<\/span><\/a><\/span><\/em><\/p>\n<p><span style=\"color: #333333;\"><strong>Arzneimittelrecht<\/strong><\/span><\/p>\n<p><span style=\"color: #333333;\">Human- und Tierarzneimittel, Herstellung, GMP, GDP, Zulassung, Heilmittelwerbung, Kennzeichnung, Arzneimittelgro\u00dfhandel, Import\/Export. <\/span><em><span style=\"color: #333333;\"><a title=\"Arzneimittelrecht\" href=\"https:\/\/www.anwaltskanzlei-grunert.de\/?page_id=19\"><span style=\"color: #333333;\">Details<\/span><\/a><\/span><\/em><\/p>\n<p><strong>Chemikalienrecht<\/strong><\/p>\n<p>Chemikaliengesetz, Chemikalienverbotsverordnung, EU-Biozidverordnung, REACH<\/p>\n<p><span style=\"color: #333333;\"><strong>Lebensmittelrecht\/Futtermittelrecht<\/strong><\/span><\/p>\n<p><span style=\"color: #333333;\">Lebensmittel, Nahrungserg\u00e4nzungsmittel, Di\u00e4ttische Lebensmittel, \u00d6koprodukte, Gen-Food, Novel Food, Zusatzstoffe, Bedarfsgegenst\u00e4nde, Einzelfuttermittel, Mischfuttermittel, Erg\u00e4nzungsfuttermittel, Abgrenzungsfragen, Herstellung, HACCP, Verkehrsf\u00e4higkeit, Produktkennzeichnung, Werbung, Import\/Export, Anzeigeverfahren, Zulassung. <\/span><em><span style=\"color: #333333;\"><a title=\"Lebensmittelrecht\" href=\"https:\/\/www.anwaltskanzlei-grunert.de\/?page_id=22\"><span style=\"color: #333333;\">Details<\/span><\/a><\/span><\/em><\/p>\n<p><span style=\"color: #333333;\"><strong>Kosmetikrecht<\/strong><\/span><\/p>\n<p><span style=\"color: #333333;\">Herstellung, Produktkennzeichnung, Werbung, Import\/Export. <\/span><em><span style=\"color: #333333;\"><a title=\"Kosmetikrecht\" href=\"https:\/\/www.anwaltskanzlei-grunert.de\/?page_id=25\"><span style=\"color: #333333;\">Details<\/span><\/a><\/span><\/em><\/p>\n<p><span style=\"color: #333333;\"><strong>Wettbewerbsrecht<\/strong><\/span><\/p>\n<p><span style=\"color: #333333;\">Unterst\u00fctzung bei wettbewerbsrechtlichen Abmahnungen, Pr\u00fcfung von Unterlassungserkl\u00e4rungen, Abwehr und Beantragung von Einstweiligen Verf\u00fcgungen, Vertretung im Hauptsachverfahren. <\/span><em><span style=\"color: #333333;\"><a title=\"Wettbewerbsrecht\" href=\"https:\/\/www.anwaltskanzlei-grunert.de\/?page_id=27\"><span style=\"color: #333333;\">Details<\/span><\/a><\/span><\/em><\/p>\n","protected":false},"excerpt":{"rendered":"<p>Rechtsberatung beschr\u00e4nkt sich nicht nur auf die Wiedergabe juristischen Wissens. Sie muss in erster Linie vom Mandanten verstanden werden: Der Mandant ist es, der den juristischen Rat in die Praxis umsetzt. Der Mandant ist es auch, der exakt mit den Informationen versorgt werden muss, die ihn in die Lage versetzen, sein wirtschaftliches Konzept erfolgreich zu [&hellip;]<\/p>\n","protected":false},"author":1,"featured_media":0,"parent":0,"menu_order":2,"comment_status":"closed","ping_status":"closed","template":"","meta":{"footnotes":""},"class_list":["post-8","page","type-page","status-publish","hentry"],"_links":{"self":[{"href":"https:\/\/www.anwaltskanzlei-grunert.de\/index.php\/wp-json\/wp\/v2\/pages\/8","targetHints":{"allow":["GET"]}}],"collection":[{"href":"https:\/\/www.anwaltskanzlei-grunert.de\/index.php\/wp-json\/wp\/v2\/pages"}],"about":[{"href":"https:\/\/www.anwaltskanzlei-grunert.de\/index.php\/wp-json\/wp\/v2\/types\/page"}],"author":[{"embeddable":true,"href":"https:\/\/www.anwaltskanzlei-grunert.de\/index.php\/wp-json\/wp\/v2\/users\/1"}],"replies":[{"embeddable":true,"href":"https:\/\/www.anwaltskanzlei-grunert.de\/index.php\/wp-json\/wp\/v2\/comments?post=8"}],"version-history":[{"count":5,"href":"https:\/\/www.anwaltskanzlei-grunert.de\/index.php\/wp-json\/wp\/v2\/pages\/8\/revisions"}],"predecessor-version":[{"id":900,"href":"https:\/\/www.anwaltskanzlei-grunert.de\/index.php\/wp-json\/wp\/v2\/pages\/8\/revisions\/900"}],"wp:attachment":[{"href":"https:\/\/www.anwaltskanzlei-grunert.de\/index.php\/wp-json\/wp\/v2\/media?parent=8"}],"curies":[{"name":"wp","href":"https:\/\/api.w.org\/{rel}","templated":true}]}}