{"id":573,"date":"2014-10-22T17:14:09","date_gmt":"2014-10-22T15:14:09","guid":{"rendered":"https:\/\/www.anwaltskanzlei-grunert.de\/?page_id=573"},"modified":"2021-07-25T15:07:24","modified_gmt":"2021-07-25T13:07:24","slug":"referenzen","status":"publish","type":"page","link":"https:\/\/www.anwaltskanzlei-grunert.de\/index.php\/referenzen\/","title":{"rendered":"Referenzen"},"content":{"rendered":"<p>Das Mandat stellt ein besonderes Vertrauensverh\u00e4ltnis zwischen Rechtsanwalt und Mandant dar. Daher werden hier entsprechend \u00a7 6 Abs. 2 S. 2 BORA nur Mandanten aufgef\u00fchrt, die ausdr\u00fccklich eingewilligt haben.<\/p>\n<p><strong>Mandate und rechtliche Schwerpunkte<\/strong><\/p>\n<p><a title=\"Allianz Private Krankenversicherungs-AG\" href=\"https:\/\/www.allianz.de\/gesundheit\/private-krankenversicherung\/\" target=\"_blank\" rel=\"noopener\"><span style=\"color: #333333;\"><em><strong><span style=\"color: #333333;\">Allianz Private Krankenversicherungs-AG<\/span><\/strong><\/em>, M\u00fcnchen<\/span><\/a><\/p>\n<p style=\"padding-left: 30px;\">Arzneimittelpreisrecht, Zytostatika<\/p>\n<p><span style=\"color: #000000;\"><strong><em>Bliss Ayurveda GmbH<\/em><\/strong><\/span>, M\u00fcnchen<\/p>\n<p style=\"padding-left: 30px;\">Ayurvedische Nahrungserg\u00e4nzungen, Kosmetikrecht, Novel Food Recht, Healthclaims, Artenschutzrecht, Zollrecht, Markenrecht, Inverkehrbringen<\/p>\n<p><a title=\"BR\u00d6KELMANN\" href=\"http:\/\/www.broelio.de\/\" target=\"_blank\" rel=\"noopener\"><span style=\"color: #333333;\"><span style=\"color: #333333;\"><em><strong>BR\u00d6KELMANN + Co Oelmuehle GmbH + Co<\/strong><\/em>, Hamm<\/span><\/span><\/a><\/p>\n<p style=\"padding-left: 30px;\">Futtermittelrecht, Zusatzstoffrecht<\/p>\n<p><span style=\"color: #000000;\"><strong><em>CitoMed GmbH<\/em><\/strong><\/span>, Bickenbach\/Darmstadt<\/p>\n<p style=\"padding-left: 30px;\">Arzneimittelrecht, Gro\u00dfhandelsrecht, GDP<\/p>\n<p><span style=\"color: #333333;\"><a title=\"Denk Ingredients\" href=\"http:\/\/www.denkingredients.de\/de\/\" target=\"_blank\" rel=\"noopener\"><span style=\"color: #333333;\"><em><strong>Denk Ingredients GmbH<\/strong><\/em>, M\u00fcnchen<\/span><\/a><\/span><\/p>\n<p style=\"padding-left: 30px;\">Chemikalienrecht, Arzneimittelrecht, Futtermittelrecht, Arzneimittelgro\u00dfhandelsrecht<\/p>\n<p><a href=\"http:\/\/www.dogsphysio.de\" target=\"_blank\" rel=\"noopener\"><span style=\"color: #333333;\"><em><strong>dogsphysio<\/strong><\/em>, Aschau im Chiemgau<\/span><\/a><\/p>\n<p style=\"padding-left: 30px;\">Praxisverkauf, Vertragsaufsetzung, Markenrecht<\/p>\n<p><a title=\"Holistic-Med\" href=\"http:\/\/www.holistic-med.ch\/\" target=\"_blank\" rel=\"noopener\"><span style=\"color: #333333;\"><strong><em>Holistic-Med GmbH<\/em><\/strong>, Basel<\/span><\/a><\/p>\n<p style=\"padding-left: 30px;\">Lebensmittelrecht, Nahrungserg\u00e4nzungsmittel, Di\u00e4tetika, Kennzeichnung, Werbung, Verkehrsf\u00e4higkeit, Abgrenzung Arzneimittel &#8211; Lebensmittel<\/p>\n<p><a title=\"Luitpold Apotheke\" href=\"https:\/\/www.medikamente-per-klick.de\/\" target=\"_blank\" rel=\"noopener\"><span style=\"color: #333333;\"><strong><span style=\"color: #333333;\"><em>Luitpold Apotheke<\/em><\/span><\/strong>, Bad Steben<\/span><\/a><\/p>\n<p style=\"padding-left: 30px;\">Apothekenrecht, Versandhandelsrecht, Berufsrecht, Arzneimittelrecht, Rezeptur, Defektur, Werberecht, Markenrecht, Wettbewerbsrecht, allgemeines Vertragsrecht<\/p>\n<p><em><span style=\"color: #333333;\"><span style=\"color: #333333;\"><span style=\"color: #000000;\"><strong>Selnova Pharma GmbH<\/strong><\/span>,<\/span><\/span><\/em><span style=\"color: #333333;\"><span style=\"color: #333333;\"> Selbitz<\/span><\/span><\/p>\n<p style=\"padding-left: 30px;\">Di\u00e4trecht, Markenrecht<\/p>\n<p><span style=\"color: #333333;\"><a title=\"sera\" href=\"http:\/\/www.sera.de\/de\/startseite.html\" target=\"_blank\" rel=\"noopener\"><span style=\"color: #333333;\"><em><strong>sera GmbH und sera Werke GmbH &amp; Co. KG<\/strong><\/em>, Heinsberg<\/span><\/a><\/span><\/p>\n<p style=\"padding-left: 30px;\">Heimtierarzneimittelrecht, GMP, Heilmittelwerberecht, Futtermittelrecht, Chemikalienrecht, Biozidrecht, REACH, D\u00fcngemittelrecht, Zollrecht, Wettbewerbsrecht, Handelsrecht, allgemeines Vertragsrecht, Verpackungsrecht, Verpackungsgesetz<\/p>\n<p><span style=\"color: #333333;\"><a title=\"SonnenMoor\" href=\"http:\/\/www.sonnenmoor.at\/\" target=\"_blank\" rel=\"noopener\"><span style=\"color: #333333;\"><em><strong>SonnenMoor GmbH<\/strong><\/em>, Anthering, \u00d6sterreich<\/span><\/a><\/span><\/p>\n<p style=\"padding-left: 30px;\">Konfliktmanagement, Qualit\u00e4tsmanagement, Lebensmittel- und Kosmetikrecht, Nahrungserg\u00e4nzungsmittel- und Medizinproduktrecht, Inverkehrbringen, Verkehrsf\u00e4higkeit, Kennzeichnungsrecht, Werberecht, Markenrecht, Verwaltungsrecht, allgemeines Vertragsrecht.<\/p>\n<p><a href=\"https:\/\/swiss-qube.com\/\" target=\"_blank\" rel=\"noopener\"><span style=\"color: #333333;\"><em><strong>Swisselan devices AG<\/strong><\/em>, Unter\u00e4geri<\/span><\/a><\/p>\n<p style=\"padding-left: 30px;\">Ganzheitliche Ern\u00e4hrungskonzepte, Supplementation, Lebensmittelwerberecht, Di\u00e4ten, NEM<\/p>\n<p><a href=\"https:\/\/www.ultrabio.de\/\" target=\"_blank\" rel=\"noopener\"><span style=\"color: #000000;\"><strong><em>Ultrabio Werke GmbH<\/em><\/strong><\/span><\/a>, Rheda-Wiedenbr\u00fcck<\/p>\n<p style=\"padding-left: 30px;\">E-Liquids, Aromen, Basen; Chemiekalienverbotsverordnung, Tabakerzeugnisgesetz, Tabakerzeugnisverordnung, EU-Tabakrichtlinie 2014\/40\/EU, Strafrecht, Ordungswidrigkeitenrecht<\/p>\n<p><span style=\"color: #333333;\"><a title=\"Welleat\" href=\"http:\/\/www.welleat.de\/\" target=\"_blank\" rel=\"noopener\"><span style=\"color: #333333;\"><em><strong>Welleat GmbH<\/strong><\/em>, M\u00fcnsing<\/span><\/a><\/span><\/p>\n<p style=\"padding-left: 30px;\">Di\u00e4trecht, Werberecht<\/p>\n<p><a href=\"http:\/\/www.wowbrows.de\" target=\"_blank\" rel=\"noopener\"><span style=\"color: #333333;\"><em><strong>WOWbrows GmbH<\/strong><\/em>, Hohen Neuendorf<\/span><\/a><\/p>\n<p style=\"padding-left: 30px;\">Microblading Produkte, Kosmertik-, Medizinprodukte- und Wettbewerbsrecht<\/p>\n<p><strong>Ausgew\u00e4hlte Kooperationspartner im Rahmen bestimmter Mandate<\/strong><\/p>\n<p style=\"padding-left: 30px;\"><span style=\"color: #333333;\"><a title=\"LMC Service\" href=\"http:\/\/www.lmc-service.de\/\" target=\"_blank\" rel=\"noopener\"><span style=\"color: #333333;\"><em>LMC Service GmbH<\/em>, Stuttgart (Kosmetika)<\/span><\/a><\/span><\/p>\n<p style=\"padding-left: 30px;\"><span style=\"color: #333333;\"><a title=\"SSI-Sch\u00e4fer-Peem\" href=\"http:\/\/www.ssi-schaefer.de\/\" target=\"_blank\" rel=\"noopener\"><span style=\"color: #333333;\"><em>SSI Sch\u00e4fer-Peem GmbH<\/em>, Graz (Logistik)<\/span><\/a><\/span><\/p>\n<p style=\"padding-left: 30px;\"><span style=\"color: #333333;\"><a title=\"Zitecs\" href=\"http:\/\/www.zitecs.de\/\" target=\"_blank\" rel=\"noopener\"><span style=\"color: #333333;\"><em>Zitecs GmbH &amp; Co. KG<\/em>, Fellbach (IT)<\/span><\/a><\/span><\/p>\n<p><strong>Gegner und Schwerpunkte (Auszug)<\/strong><\/p>\n<p style=\"padding-left: 30px;\">Aufsichts- und Dienstleistungsdirektion Rheinland-Pfalz, Koblenz &#8212; Lebensmittel- und Futtermittel\u00fcberwachung<\/p>\n<p style=\"padding-left: 30px;\">Bayerische Landesapothekerkammer, M\u00fcnchen &#8212; Apothekerberufsrecht, Apothekenrecht<\/p>\n<p style=\"padding-left: 30px;\">Bayerisches Landesamt f\u00fcr Gesundheit und Lebensmittelsicherheit (LGL), Erlangen \/ M\u00fcnchen &#8212; Lebensmittekennzeichnung, Werbung, Healthclaims<\/p>\n<p style=\"padding-left: 30px;\">Beiersdorf AG, Hamburg &#8212; Wettbwerbs-, Markenrecht<\/p>\n<p style=\"padding-left: 30px;\">Bezirksregierung K\u00f6ln &#8212; Tierarzneimittelgro\u00dfhandelsrecht<\/p>\n<p style=\"padding-left: 30px;\">Boehringer Ingelheim International GmbH, Ingelheim am Rhein &#8212; Markenrecht<\/p>\n<p style=\"padding-left: 30px;\">Celgene Europe Ltd., Uxbridge; Celgene GmbH, M\u00fcnchen &#8212; Wettbewerbsrecht<\/p>\n<p style=\"padding-left: 30px;\">Chemisches und Veterin\u00e4runtersuchungsamt (CVUA) Stuttgart &#8212; LFGB, HCV, Kennzeichnungsvorschriften<\/p>\n<p style=\"padding-left: 30px;\">Der Polizeipr\u00e4sident in Berlin, Landeskriminalamt LKA 233, Lebensmitteldelikte &#8212; Lebensmittelstrafrecht<\/p>\n<p style=\"padding-left: 30px;\">Hauptzoll\u00e4mter Aachen, M\u00fcnchen, Regensburg &#8212; Lebensmitteleinfuhrbestimmungen, Import von Tierarzneimitteln, Futtermitteln<\/p>\n<p style=\"padding-left: 30px;\">Hexal AG, Holzkirchen &#8212; Wettbewerbsrecht, Kartellrecht<\/p>\n<p style=\"padding-left: 30px;\">InterMune Inc., Brisbane, USA &#8212; Markenrecht<\/p>\n<p style=\"padding-left: 30px;\">Kapferer KG, Mosbach &#8212; Vertragsrecht, Gro\u00dfhandelsrecht, Apothekenrecht<\/p>\n<p style=\"padding-left: 30px;\">Landesamt f\u00fcr Natur, Umwelt und Verbraucherschutz NRW, Recklinghausen &#8212; LFGB u. a.<\/p>\n<p style=\"padding-left: 30px;\">Landesamt f\u00fcr Umwelt, Landwirtschaft und Geologie Sachsen, Dresden &#8212; Werberecht<\/p>\n<p style=\"padding-left: 30px;\">Landesamt f\u00fcr Verbraucherschutz Sachsen-Anhalt, Halle (Saale) &#8212; Kennzeichnungsrecht<\/p>\n<p style=\"padding-left: 30px;\">Landeshauptstadt M\u00fcnchen, Kreisverwaltungsreferat &#8212; Apothekerberufsrecht, Apothekenstrafrecht<\/p>\n<p style=\"padding-left: 30px;\">Landesuntersuchungsanstalt f\u00fcr das Gesundheits- und Veterin\u00e4rwesen Sachsen, Dresden &#8212; Lebensmittelkennzeichnung und -werbung<\/p>\n<p style=\"padding-left: 30px;\">Landratsamt Berchtesgadener Land, Bad Reichenhall &#8212; Kennzeichnung, Lebensmittelwerbung, Healthclaims<\/p>\n<p style=\"padding-left: 30px;\">Landratsamt Erding, Veterin\u00e4rwesen und Verbraucherschutz &#8212; allg. Lebensmittelrecht<\/p>\n<p style=\"padding-left: 30px;\">Landratsamt G\u00f6ppingen &#8212; Lebensmittelwerberecht<\/p>\n<p style=\"padding-left: 30px;\">Landratsamt Landkreis Mittelsachsen, Lebensmittel\u00fcberwachungs- und Veterin\u00e4ramt, Freiberg &#8212; Futtermittelrecht<\/p>\n<p style=\"padding-left: 30px;\">Landratsamt Hof &#8212; Apothekenrecht, Zulassung, Versandhandelserlaubnis, Pickup, Apothekenlogistik, Versandhandels- und Botendienstbestimmungen, Qualit\u00e4tsmanagement<\/p>\n<p style=\"padding-left: 30px;\">Landratsamt Wesel &#8212; allg. Lebensmittel\u00fcberwachung<\/p>\n<p style=\"padding-left: 30px;\">Landwirtschaftliche Untersuchungs- und Forschungsanstalt (LUFA) Speyer &#8212; Probenahme, Verwertung von Untersuchungsergebnissen<\/p>\n<p style=\"padding-left: 30px;\">Nova Nutria International AG, Burgau &#8212; Wettbewerbsrecht<\/p>\n<p style=\"padding-left: 30px;\">Noweda GmbH &amp; Co. KG, Mosbach &#8212; allg. Vertragsrecht, Gro\u00dfhandelsrecht, Apothekenrecht<\/p>\n<p style=\"padding-left: 30px;\">\u00d6KO-TEST Verlag GmbH, Frankfurt a. M. &#8212; allg. Zivilrecht<\/p>\n<p style=\"padding-left: 30px;\">Regierung von Oberbayern, M\u00fcnchen &#8212; Arzneimittelgro\u00dfhandlesrecht, Gro\u00dfhandelserlaubnis, Anzeigepflichten<\/p>\n<p style=\"padding-left: 30px;\">Regierung von Oberfranken, Bayreuth &#8212; AMG, AMHandelsV, Apothekenrecht<\/p>\n<p style=\"padding-left: 30px;\">Regierungspr\u00e4sidium Darmstadt &#8212; Gro\u00dfhandlesbestimmungen, QM<\/p>\n<p style=\"padding-left: 30px;\">Regierungspr\u00e4sidium Dresden &#8212; \u00dcberwachung des Handels mit Nahrungserg\u00e4nzungen<\/p>\n<p style=\"padding-left: 30px;\">S\u00f6ll GmbH, Hof &#8212; Biozidrecht, Wettbewerb<\/p>\n<p style=\"padding-left: 30px;\">Staatsanwaltschaft Augsburg &#8212; Lebensmittelstrafrecht<\/p>\n<p style=\"padding-left: 30px;\">Staatsanwaltschaft Bielefeld, Bezirksregierung Detmold &#8212; Chemikalienrecht, Chemikalienstrafrecht, E-Liqiuds, Erlaubnis- und Anzeigebestimmungen, Handelsbeschr\u00e4nkungen<\/p>\n<p style=\"padding-left: 30px;\">Staatsanwaltschaft Frankfurt am Main &#8212; Wirtschaftsstrafrecht<\/p>\n<p style=\"padding-left: 30px;\">Staatsanwaltschaft M\u00fcnchen &#8212; Apothekenstrafrecht<\/p>\n<p style=\"padding-left: 30px;\">Staatsanwaltschaft Ulm &#8212; Lebensmittelstrafrecht<\/p>\n<p style=\"padding-left: 30px;\">Stadt Augsburg, Amt f\u00fcr Verbraucherschutz und Marktwesen &#8212; Lebensmittel\u00fcberwachung<\/p>\n<p style=\"padding-left: 30px;\">Stadt Gelnhausen, Amt f\u00fcr Veterin\u00e4rwesen und Verbraucherschutz &#8212; Futtermittel\u00fcberwachung<\/p>\n<p style=\"padding-left: 30px;\">Stadt Halle (Saale), Fachbereich Gesundheit, Abt. Veterin\u00e4rwesen und Lebensmittel\u00fcberwachung &#8212; Kennzeichnungsrecht<\/p>\n<p style=\"padding-left: 30px;\">Stadtverwaltung Chemnitz, Lebensmittel\u00fcberwachungs- und Verterin\u00e4ramt &#8212; LFGB u. Nebenbestimmungen<\/p>\n<p style=\"padding-left: 30px;\">Tetra GmbH, Melle &#8212; Wettbewerbsrecht<\/p>\n<p style=\"padding-left: 30px;\">Veniapharm GmbH, Gr\u00fcnwald &#8212; Wettbewerbsrecht<\/p>\n<p style=\"padding-left: 30px;\">Verband Sozialer Wettbewerb e. V., Berlin &#8212; Apothekenrecht, Internetrecht, Kosmetikrecht, Arzneimittelrecht<\/p>\n<p style=\"padding-left: 30px;\">Verbraucherschutzverein gegen unlauteren Wettbewerb e. V., F\u00fcrstenfeldbruck &#8212; Lebensmittelrecht, Kosmetikrecht, Wettbewerbsrecht<\/p>\n<p style=\"padding-left: 30px;\">Verbraucherzentrale Hamburg e.V. &#8212; Wettbewerbsrecht, Lebensmittelrecht<\/p>\n<p style=\"padding-left: 30px;\">WIWE-Schutzverband zur F\u00f6rderung des lauteren Wettbewerbs im In- und Ausland e. V., Salzburg &#8212; Europarecht, Apothekenrecht<\/p>\n<p style=\"padding-left: 30px;\">Zentrale zur Bek\u00e4mpfung unlauteren Wettbewerbs e. V., Bad Homburg v. d. H. &#8212; Wettbewerbsrecht, lebensmittelrecht<\/p>\n<p style=\"padding-left: 30px;\">Zollfahndungsamt M\u00fcnchen &#8212; Zollrecht, Einfuhrbestimmungen<\/p>\n","protected":false},"excerpt":{"rendered":"<p>Das Mandat stellt ein besonderes Vertrauensverh\u00e4ltnis zwischen Rechtsanwalt und Mandant dar. Daher werden hier entsprechend \u00a7 6 Abs. 2 S. 2 BORA nur Mandanten aufgef\u00fchrt, die ausdr\u00fccklich eingewilligt haben. Mandate und rechtliche Schwerpunkte Allianz Private Krankenversicherungs-AG, M\u00fcnchen Arzneimittelpreisrecht, Zytostatika Bliss Ayurveda GmbH, M\u00fcnchen Ayurvedische Nahrungserg\u00e4nzungen, Kosmetikrecht, Novel Food Recht, Healthclaims, Artenschutzrecht, Zollrecht, Markenrecht, Inverkehrbringen BR\u00d6KELMANN [&hellip;]<\/p>\n","protected":false},"author":2,"featured_media":0,"parent":0,"menu_order":4,"comment_status":"closed","ping_status":"closed","template":"","meta":{"footnotes":""},"class_list":["post-573","page","type-page","status-publish","hentry"],"_links":{"self":[{"href":"https:\/\/www.anwaltskanzlei-grunert.de\/index.php\/wp-json\/wp\/v2\/pages\/573","targetHints":{"allow":["GET"]}}],"collection":[{"href":"https:\/\/www.anwaltskanzlei-grunert.de\/index.php\/wp-json\/wp\/v2\/pages"}],"about":[{"href":"https:\/\/www.anwaltskanzlei-grunert.de\/index.php\/wp-json\/wp\/v2\/types\/page"}],"author":[{"embeddable":true,"href":"https:\/\/www.anwaltskanzlei-grunert.de\/index.php\/wp-json\/wp\/v2\/users\/2"}],"replies":[{"embeddable":true,"href":"https:\/\/www.anwaltskanzlei-grunert.de\/index.php\/wp-json\/wp\/v2\/comments?post=573"}],"version-history":[{"count":23,"href":"https:\/\/www.anwaltskanzlei-grunert.de\/index.php\/wp-json\/wp\/v2\/pages\/573\/revisions"}],"predecessor-version":[{"id":901,"href":"https:\/\/www.anwaltskanzlei-grunert.de\/index.php\/wp-json\/wp\/v2\/pages\/573\/revisions\/901"}],"wp:attachment":[{"href":"https:\/\/www.anwaltskanzlei-grunert.de\/index.php\/wp-json\/wp\/v2\/media?parent=573"}],"curies":[{"name":"wp","href":"https:\/\/api.w.org\/{rel}","templated":true}]}}