{"id":55,"date":"2011-08-11T20:07:30","date_gmt":"2011-08-11T20:07:30","guid":{"rendered":"https:\/\/www.anwaltskanzlei-grunert.de\/cms\/?page_id=55"},"modified":"2021-07-25T16:09:46","modified_gmt":"2021-07-25T14:09:46","slug":"futtermittelrecht","status":"publish","type":"page","link":"https:\/\/www.anwaltskanzlei-grunert.de\/index.php\/tatigkeitsbereiche\/futtermittelrecht\/","title":{"rendered":"Futtermittelrecht"},"content":{"rendered":"<p><span style=\"color: #333333;\">Dr. Grunert betreut diverse Futtermittelhersteller in Deutschland und \u00d6sterreich. Er begleitet Sie bei der Gestaltung und Markteinf\u00fchrung Ihrer Erzeugnisse, sichert Ihre Marketingstrategien und verteidigt Ihre Interessen in Verhandlungen mit Beh\u00f6rden und vor Gericht.<\/span><\/p>\n","protected":false},"excerpt":{"rendered":"<p>Dr. Grunert betreut diverse Futtermittelhersteller in Deutschland und \u00d6sterreich. Er begleitet Sie bei der Gestaltung und Markteinf\u00fchrung Ihrer Erzeugnisse, sichert Ihre Marketingstrategien und verteidigt Ihre Interessen in Verhandlungen mit Beh\u00f6rden und vor Gericht.<\/p>\n","protected":false},"author":1,"featured_media":0,"parent":8,"menu_order":0,"comment_status":"closed","ping_status":"closed","template":"","meta":{"footnotes":""},"class_list":["post-55","page","type-page","status-publish","hentry"],"_links":{"self":[{"href":"https:\/\/www.anwaltskanzlei-grunert.de\/index.php\/wp-json\/wp\/v2\/pages\/55","targetHints":{"allow":["GET"]}}],"collection":[{"href":"https:\/\/www.anwaltskanzlei-grunert.de\/index.php\/wp-json\/wp\/v2\/pages"}],"about":[{"href":"https:\/\/www.anwaltskanzlei-grunert.de\/index.php\/wp-json\/wp\/v2\/types\/page"}],"author":[{"embeddable":true,"href":"https:\/\/www.anwaltskanzlei-grunert.de\/index.php\/wp-json\/wp\/v2\/users\/1"}],"replies":[{"embeddable":true,"href":"https:\/\/www.anwaltskanzlei-grunert.de\/index.php\/wp-json\/wp\/v2\/comments?post=55"}],"version-history":[{"count":2,"href":"https:\/\/www.anwaltskanzlei-grunert.de\/index.php\/wp-json\/wp\/v2\/pages\/55\/revisions"}],"predecessor-version":[{"id":918,"href":"https:\/\/www.anwaltskanzlei-grunert.de\/index.php\/wp-json\/wp\/v2\/pages\/55\/revisions\/918"}],"up":[{"embeddable":true,"href":"https:\/\/www.anwaltskanzlei-grunert.de\/index.php\/wp-json\/wp\/v2\/pages\/8"}],"wp:attachment":[{"href":"https:\/\/www.anwaltskanzlei-grunert.de\/index.php\/wp-json\/wp\/v2\/media?parent=55"}],"curies":[{"name":"wp","href":"https:\/\/api.w.org\/{rel}","templated":true}]}}