{"id":339,"date":"2012-12-17T14:38:16","date_gmt":"2012-12-17T13:38:16","guid":{"rendered":"https:\/\/www.anwaltskanzlei-grunert.de\/?page_id=339"},"modified":"2021-07-25T15:00:14","modified_gmt":"2021-07-25T13:00:14","slug":"startseite","status":"publish","type":"page","link":"https:\/\/www.anwaltskanzlei-grunert.de\/","title":{"rendered":"Willkommen"},"content":{"rendered":"\n<div class=\"wp-block-image\"><figure class=\"alignright size-full is-resized\"><a href=\"https:\/\/www.anwaltskanzlei-grunert.de\/wp-content\/uploads\/2021\/07\/MG_0296.jpg\"><img loading=\"lazy\" decoding=\"async\" src=\"https:\/\/www.anwaltskanzlei-grunert.de\/wp-content\/uploads\/2021\/07\/MG_0296.jpg\" alt=\"\" class=\"wp-image-877\" width=\"253\" height=\"379\" srcset=\"https:\/\/www.anwaltskanzlei-grunert.de\/wp-content\/uploads\/2021\/07\/MG_0296.jpg 667w, https:\/\/www.anwaltskanzlei-grunert.de\/wp-content\/uploads\/2021\/07\/MG_0296-200x300.jpg 200w, https:\/\/www.anwaltskanzlei-grunert.de\/wp-content\/uploads\/2021\/07\/MG_0296-624x936.jpg 624w\" sizes=\"auto, (max-width: 253px) 100vw, 253px\" \/><\/a><\/figure><\/div>\n\n\n<p align=\"left\">Rechtsanwalt Dr. Gordon Grunert, LLM. Eur. ber\u00e4t Sie in den Bereichen Arzneimittelrecht, Apothekenrecht, Chemikalienrecht, Lebensmittelrecht, Futtermittelrecht, Kosmetikrecht und angrenzenden Rechtsgebieten. Sie erhalten eine wirtschaftlich orientierte, ganzheitliche Beratung einschlie\u00dflich Strafverteidigung, die sich durch unternehmerisches Denken und praxisnahe Probleml\u00f6sungen auszeichnet.<\/p>\n<p align=\"left\">Im Bereich Mediation liegt der Fokus auf Wirtschaftsmediation kleiner und mittelst\u00e4ndischer Unternehmen und Familienmediation.<\/p>\n<div>\u00a0<\/div>\n<div style=\"text-align: left;\"><span style=\"color: #333333;\"><strong>Anwaltskanzlei Grunert<\/strong><\/span><\/div>\n<div style=\"text-align: left;\"><span style=\"color: #333333;\">Hammerbach 2c<br \/>D-83229 Aschau im Chiemgau<\/span><\/div>\n<div style=\"text-align: left;\"><span style=\"color: #333333;\">Bayern<br \/>Tel.: +49 (0) 8052 \u2013 1786048<br \/>Fax: +49 (0) 8052 \u2013 1786049<\/span><br \/><span style=\"color: #333333;\">kontakt@anwaltskanzlei-grunert.de<\/span><\/div>\n<div style=\"text-align: left;\"><span style=\"color: #333333;\">https:\/\/www.anwaltskanzlei-grunert.de<\/span><\/div>\n<div>\u00a0<\/div>\n<div>\u00a0<\/div>\n<p>Wir freuen uns \u00fcber Ihre <span style=\"color: #333333;\"><a title=\"Kontakt\" href=\"https:\/\/www.anwaltskanzlei-grunert.de\/index.php\/kontakt\/\"><span style=\"color: #333333;\">Nachricht<\/span><\/a>!<\/span><\/p>\n<p><em>Dr. Gordon Grunert<\/em><\/p>","protected":false},"excerpt":{"rendered":"<p>Rechtsanwalt Dr. Gordon Grunert, LLM. Eur. ber\u00e4t Sie in den Bereichen Arzneimittelrecht, Apothekenrecht, Chemikalienrecht, Lebensmittelrecht, Futtermittelrecht, Kosmetikrecht und angrenzenden Rechtsgebieten. Sie erhalten eine wirtschaftlich orientierte, ganzheitliche Beratung einschlie\u00dflich Strafverteidigung, die sich durch unternehmerisches Denken und praxisnahe Probleml\u00f6sungen auszeichnet. Im Bereich Mediation liegt der Fokus auf Wirtschaftsmediation kleiner und mittelst\u00e4ndischer Unternehmen und Familienmediation. \u00a0 Anwaltskanzlei Grunert [&hellip;]<\/p>\n","protected":false},"author":1,"featured_media":0,"parent":0,"menu_order":0,"comment_status":"closed","ping_status":"closed","template":"","meta":{"footnotes":""},"class_list":["post-339","page","type-page","status-publish","hentry"],"_links":{"self":[{"href":"https:\/\/www.anwaltskanzlei-grunert.de\/index.php\/wp-json\/wp\/v2\/pages\/339","targetHints":{"allow":["GET"]}}],"collection":[{"href":"https:\/\/www.anwaltskanzlei-grunert.de\/index.php\/wp-json\/wp\/v2\/pages"}],"about":[{"href":"https:\/\/www.anwaltskanzlei-grunert.de\/index.php\/wp-json\/wp\/v2\/types\/page"}],"author":[{"embeddable":true,"href":"https:\/\/www.anwaltskanzlei-grunert.de\/index.php\/wp-json\/wp\/v2\/users\/1"}],"replies":[{"embeddable":true,"href":"https:\/\/www.anwaltskanzlei-grunert.de\/index.php\/wp-json\/wp\/v2\/comments?post=339"}],"version-history":[{"count":15,"href":"https:\/\/www.anwaltskanzlei-grunert.de\/index.php\/wp-json\/wp\/v2\/pages\/339\/revisions"}],"predecessor-version":[{"id":898,"href":"https:\/\/www.anwaltskanzlei-grunert.de\/index.php\/wp-json\/wp\/v2\/pages\/339\/revisions\/898"}],"wp:attachment":[{"href":"https:\/\/www.anwaltskanzlei-grunert.de\/index.php\/wp-json\/wp\/v2\/media?parent=339"}],"curies":[{"name":"wp","href":"https:\/\/api.w.org\/{rel}","templated":true}]}}