{"id":22,"date":"2011-08-11T18:48:03","date_gmt":"2011-08-11T18:48:03","guid":{"rendered":"https:\/\/www.anwaltskanzlei-grunert.de\/cms\/?page_id=22"},"modified":"2021-07-25T16:10:43","modified_gmt":"2021-07-25T14:10:43","slug":"lebensmittelrechtfuttermittelrecht","status":"publish","type":"page","link":"https:\/\/www.anwaltskanzlei-grunert.de\/index.php\/tatigkeitsbereiche\/lebensmittelrechtfuttermittelrecht\/","title":{"rendered":"Lebensmittelrecht"},"content":{"rendered":"<p><span style=\"color: #333333;\">Kaum ein Rechtsgebiet unterliegt in letzter Zeit st\u00e4rkeren Anpassungen und europ\u00e4ischen Impulsen wie das Lebensmittel- und Futtermittelrecht. Die Hersteller von Produkten der gesamten Nahrungskette sind betroffen: Futtermittel, Lebensmittel, Nahrungserg\u00e4nzungsmittel, di\u00e4tetische Lebensmittel, gentechnisch ver\u00e4nderte Lebens- und Futtermittel und andere Erzeugnisse unterliegen unterschiedlichen Vorschriften f\u00fcr die Kennzeichnung und Werbung. Das LFGB (Lebensmittel- und Futtermittelgesetzbuch) bestimmt die wesentlichen Herstellungs- und Vermarktungskriterien der einzelnen Produkte. Dar\u00fcber hinaus sind z. B. f\u00fcr Nahrungserg\u00e4nzungsmittel oder Di\u00e4tprodukte bestimmte Sondervorschriften zu beachten (NemV, Di\u00e4tV). In der Praxis stellen sich\u00a0auch Fragen der Abgrenzung zu Arzneimitteln und Kosmetik-Produkten. Gleichzeitig wird das nationale Recht immer st\u00e4rker durch europ\u00e4isches Sekund\u00e4rrecht verdr\u00e4ngt (z. B. LMIV &#8211; Lebensmittelinformationsverordnung 1169\/2011).<\/span><\/p>\n<p><span style=\"color: #333333;\">Dr. Grunert ber\u00e4t verschiedene kleine und mittelst\u00e4ndische Unternehmen in Deutschland, \u00d6sterreich und der Schweiz, u. a. Nahrungserg\u00e4nzungsmittel-, Di\u00e4tetika- und Getr\u00e4nkehersteller. Er begleitet seine Mandanten bei der Gestaltung und Markteinf\u00fchrung ihrer Erzeugnisse und verteidigt sie gegen Angriffe von Beh\u00f6rden und Wettbewerbern.<\/span><\/p>\n","protected":false},"excerpt":{"rendered":"<p>Kaum ein Rechtsgebiet unterliegt in letzter Zeit st\u00e4rkeren Anpassungen und europ\u00e4ischen Impulsen wie das Lebensmittel- und Futtermittelrecht. Die Hersteller von Produkten der gesamten Nahrungskette sind betroffen: Futtermittel, Lebensmittel, Nahrungserg\u00e4nzungsmittel, di\u00e4tetische Lebensmittel, gentechnisch ver\u00e4nderte Lebens- und Futtermittel und andere Erzeugnisse unterliegen unterschiedlichen Vorschriften f\u00fcr die Kennzeichnung und Werbung. Das LFGB (Lebensmittel- und Futtermittelgesetzbuch) bestimmt die wesentlichen [&hellip;]<\/p>\n","protected":false},"author":1,"featured_media":0,"parent":8,"menu_order":0,"comment_status":"closed","ping_status":"closed","template":"","meta":{"footnotes":""},"class_list":["post-22","page","type-page","status-publish","hentry"],"_links":{"self":[{"href":"https:\/\/www.anwaltskanzlei-grunert.de\/index.php\/wp-json\/wp\/v2\/pages\/22","targetHints":{"allow":["GET"]}}],"collection":[{"href":"https:\/\/www.anwaltskanzlei-grunert.de\/index.php\/wp-json\/wp\/v2\/pages"}],"about":[{"href":"https:\/\/www.anwaltskanzlei-grunert.de\/index.php\/wp-json\/wp\/v2\/types\/page"}],"author":[{"embeddable":true,"href":"https:\/\/www.anwaltskanzlei-grunert.de\/index.php\/wp-json\/wp\/v2\/users\/1"}],"replies":[{"embeddable":true,"href":"https:\/\/www.anwaltskanzlei-grunert.de\/index.php\/wp-json\/wp\/v2\/comments?post=22"}],"version-history":[{"count":2,"href":"https:\/\/www.anwaltskanzlei-grunert.de\/index.php\/wp-json\/wp\/v2\/pages\/22\/revisions"}],"predecessor-version":[{"id":920,"href":"https:\/\/www.anwaltskanzlei-grunert.de\/index.php\/wp-json\/wp\/v2\/pages\/22\/revisions\/920"}],"up":[{"embeddable":true,"href":"https:\/\/www.anwaltskanzlei-grunert.de\/index.php\/wp-json\/wp\/v2\/pages\/8"}],"wp:attachment":[{"href":"https:\/\/www.anwaltskanzlei-grunert.de\/index.php\/wp-json\/wp\/v2\/media?parent=22"}],"curies":[{"name":"wp","href":"https:\/\/api.w.org\/{rel}","templated":true}]}}