{"id":19,"date":"2011-08-11T18:46:15","date_gmt":"2011-08-11T18:46:15","guid":{"rendered":"https:\/\/www.anwaltskanzlei-grunert.de\/cms\/?page_id=19"},"modified":"2021-07-25T16:09:03","modified_gmt":"2021-07-25T14:09:03","slug":"arzneimittelrecht","status":"publish","type":"page","link":"https:\/\/www.anwaltskanzlei-grunert.de\/index.php\/tatigkeitsbereiche\/arzneimittelrecht\/","title":{"rendered":"Arzneimittelrecht"},"content":{"rendered":"<p><span style=\"color: #333333;\">Das Arzneimittelrecht (Human- und Tierarzneimittel) und\u00a0Heilmittelwerberecht sind politisch und wirtschaftlich sehr bedeutsame und hoch komplexe Bereiche. Die j\u00fcngsten Novellierungen des AMG haben bei den Unternehmen der Pharmabranche zu erheblichen rechtlichen Problemen und Unsicherheiten gef\u00fchrt: Apotheken, Gro\u00dfh\u00e4ndler und Hersteller m\u00fcssen ihre Prozesse dem neuen Recht anpassen. Hier ist das Risiko wettbewerbsrechtlicher Abmahnungen und beh\u00f6rdlicher Sanktionen besonders gro\u00df. Es sind daher bereits im Vorfeld L\u00f6sungen zu erarbeiten, die eine Prozessoptimierung unter Beachtung der neuen Regelungen bewirken. Das Heilmittelwerberecht ist zum Teil liberalisiert worden. Hier gilt es, die gesetzlichen M\u00f6glichkeiten der Produktgestaltung voll auszusch\u00f6pfen.<\/span><\/p>\n<p><span style=\"color: #333333;\">Dr. Grunert betreut u. a. Tierarzneimittelhersteller der Heimtierbranche und mittelst\u00e4ndische Gro\u00dfh\u00e4ndler. Er ber\u00e4t in Fragen der Herstellung, Pr\u00fcfung und Vertrieb von Arzneimitteln, GMP \/ GDP-Regeln, Kennzeichnung und Bewerbung Ihrer Produkte, Anzeige, Registrierung, Zulassung,<span style=\"color: #333333;\"> Erlangung einer Gro\u00dfhandelserlaubnis, <\/span>Import, Export, Auseinandersetzung mit dem Zoll. Zudem erhalten Sie Unterst\u00fctzung durch Vertretung gegen\u00fcber Beh\u00f6rden und Wettbewerbern.<\/span><\/p>\n","protected":false},"excerpt":{"rendered":"<p>Das Arzneimittelrecht (Human- und Tierarzneimittel) und\u00a0Heilmittelwerberecht sind politisch und wirtschaftlich sehr bedeutsame und hoch komplexe Bereiche. Die j\u00fcngsten Novellierungen des AMG haben bei den Unternehmen der Pharmabranche zu erheblichen rechtlichen Problemen und Unsicherheiten gef\u00fchrt: Apotheken, Gro\u00dfh\u00e4ndler und Hersteller m\u00fcssen ihre Prozesse dem neuen Recht anpassen. Hier ist das Risiko wettbewerbsrechtlicher Abmahnungen und beh\u00f6rdlicher Sanktionen besonders [&hellip;]<\/p>\n","protected":false},"author":1,"featured_media":0,"parent":8,"menu_order":0,"comment_status":"closed","ping_status":"closed","template":"","meta":{"footnotes":""},"class_list":["post-19","page","type-page","status-publish","hentry"],"_links":{"self":[{"href":"https:\/\/www.anwaltskanzlei-grunert.de\/index.php\/wp-json\/wp\/v2\/pages\/19","targetHints":{"allow":["GET"]}}],"collection":[{"href":"https:\/\/www.anwaltskanzlei-grunert.de\/index.php\/wp-json\/wp\/v2\/pages"}],"about":[{"href":"https:\/\/www.anwaltskanzlei-grunert.de\/index.php\/wp-json\/wp\/v2\/types\/page"}],"author":[{"embeddable":true,"href":"https:\/\/www.anwaltskanzlei-grunert.de\/index.php\/wp-json\/wp\/v2\/users\/1"}],"replies":[{"embeddable":true,"href":"https:\/\/www.anwaltskanzlei-grunert.de\/index.php\/wp-json\/wp\/v2\/comments?post=19"}],"version-history":[{"count":2,"href":"https:\/\/www.anwaltskanzlei-grunert.de\/index.php\/wp-json\/wp\/v2\/pages\/19\/revisions"}],"predecessor-version":[{"id":916,"href":"https:\/\/www.anwaltskanzlei-grunert.de\/index.php\/wp-json\/wp\/v2\/pages\/19\/revisions\/916"}],"up":[{"embeddable":true,"href":"https:\/\/www.anwaltskanzlei-grunert.de\/index.php\/wp-json\/wp\/v2\/pages\/8"}],"wp:attachment":[{"href":"https:\/\/www.anwaltskanzlei-grunert.de\/index.php\/wp-json\/wp\/v2\/media?parent=19"}],"curies":[{"name":"wp","href":"https:\/\/api.w.org\/{rel}","templated":true}]}}