{"id":11,"date":"2011-08-11T18:38:43","date_gmt":"2011-08-11T18:38:43","guid":{"rendered":"https:\/\/www.anwaltskanzlei-grunert.de\/cms\/?page_id=11"},"modified":"2021-07-25T15:40:26","modified_gmt":"2021-07-25T13:40:26","slug":"honorar","status":"publish","type":"page","link":"https:\/\/www.anwaltskanzlei-grunert.de\/index.php\/honorar\/","title":{"rendered":"Honorar"},"content":{"rendered":"<p><span style=\"color: #333333;\">Die Abrechnung der Beratungs- und Mediationsleistungen gegen\u00fcber dem Mandanten erfolgt grunds\u00e4tzlich auf der Basis einer mandatsbezogenen Verg\u00fctungsvereinbarung. Soweit gesetzlich vorgeschrieben, erfolgt die Abrechnung nach dem Rechtsanwaltsverg\u00fctungsgesetz.<\/span><\/p>\n","protected":false},"excerpt":{"rendered":"<p>Die Abrechnung der Beratungs- und Mediationsleistungen gegen\u00fcber dem Mandanten erfolgt grunds\u00e4tzlich auf der Basis einer mandatsbezogenen Verg\u00fctungsvereinbarung. Soweit gesetzlich vorgeschrieben, erfolgt die Abrechnung nach dem Rechtsanwaltsverg\u00fctungsgesetz.<\/p>\n","protected":false},"author":1,"featured_media":0,"parent":0,"menu_order":4,"comment_status":"closed","ping_status":"closed","template":"","meta":{"footnotes":""},"class_list":["post-11","page","type-page","status-publish","hentry"],"_links":{"self":[{"href":"https:\/\/www.anwaltskanzlei-grunert.de\/index.php\/wp-json\/wp\/v2\/pages\/11","targetHints":{"allow":["GET"]}}],"collection":[{"href":"https:\/\/www.anwaltskanzlei-grunert.de\/index.php\/wp-json\/wp\/v2\/pages"}],"about":[{"href":"https:\/\/www.anwaltskanzlei-grunert.de\/index.php\/wp-json\/wp\/v2\/types\/page"}],"author":[{"embeddable":true,"href":"https:\/\/www.anwaltskanzlei-grunert.de\/index.php\/wp-json\/wp\/v2\/users\/1"}],"replies":[{"embeddable":true,"href":"https:\/\/www.anwaltskanzlei-grunert.de\/index.php\/wp-json\/wp\/v2\/comments?post=11"}],"version-history":[{"count":1,"href":"https:\/\/www.anwaltskanzlei-grunert.de\/index.php\/wp-json\/wp\/v2\/pages\/11\/revisions"}],"predecessor-version":[{"id":908,"href":"https:\/\/www.anwaltskanzlei-grunert.de\/index.php\/wp-json\/wp\/v2\/pages\/11\/revisions\/908"}],"wp:attachment":[{"href":"https:\/\/www.anwaltskanzlei-grunert.de\/index.php\/wp-json\/wp\/v2\/media?parent=11"}],"curies":[{"name":"wp","href":"https:\/\/api.w.org\/{rel}","templated":true}]}}